{"id":17,"date":"2024-04-15T14:11:23","date_gmt":"2024-04-15T12:11:23","guid":{"rendered":"http:\/\/j92.d94.mytemp.website\/?page_id=17"},"modified":"2025-02-24T18:06:34","modified_gmt":"2025-02-24T17:06:34","slug":"impressum","status":"publish","type":"page","link":"https:\/\/interpal.de\/en\/impressum\/","title":{"rendered":"Imprint"},"content":{"rendered":"<div data-elementor-type=\"wp-page\" data-elementor-id=\"17\" class=\"elementor elementor-17\" data-elementor-post-type=\"page\">\n\t\t\t\t<div class=\"elementor-element elementor-element-ed0d08f e-flex e-con-boxed e-con e-parent\" data-id=\"ed0d08f\" data-element_type=\"container\" data-e-type=\"container\">\n\t\t\t\t\t<div class=\"e-con-inner\">\n\t\t\t\t<div class=\"elementor-element elementor-element-5cc6a1c elementor-widget elementor-widget-spacer\" data-id=\"5cc6a1c\" data-element_type=\"widget\" data-e-type=\"widget\" data-widget_type=\"spacer.default\">\n\t\t\t\t<div class=\"elementor-widget-container\">\n\t\t\t\t\t\t\t<div class=\"elementor-spacer\">\n\t\t\t<div class=\"elementor-spacer-inner\"><\/div>\n\t\t<\/div>\n\t\t\t\t\t\t<\/div>\n\t\t\t\t<\/div>\n\t\t\t\t<div class=\"elementor-element elementor-element-a1292ff elementor-widget elementor-widget-heading\" data-id=\"a1292ff\" data-element_type=\"widget\" data-e-type=\"widget\" data-widget_type=\"heading.default\">\n\t\t\t\t<div class=\"elementor-widget-container\">\n\t\t\t\t\t<h2 class=\"elementor-heading-title elementor-size-default\">IMPRINT<\/h2>\t\t\t\t<\/div>\n\t\t\t\t<\/div>\n\t\t\t\t\t<\/div>\n\t\t\t\t<\/div>\n\t\t<div class=\"elementor-element elementor-element-8a30cd9 e-flex e-con-boxed e-con e-parent\" data-id=\"8a30cd9\" data-element_type=\"container\" data-e-type=\"container\">\n\t\t\t\t\t<div class=\"e-con-inner\">\n\t\t<div class=\"elementor-element elementor-element-5350cc1 e-con-full e-flex e-con e-child\" data-id=\"5350cc1\" data-element_type=\"container\" data-e-type=\"container\">\n\t\t\t\t<div class=\"elementor-element elementor-element-4f4cc75 elementor-widget elementor-widget-heading\" data-id=\"4f4cc75\" data-element_type=\"widget\" data-e-type=\"widget\" data-widget_type=\"heading.default\">\n\t\t\t\t<div class=\"elementor-widget-container\">\n\t\t\t\t\t<h2 class=\"elementor-heading-title elementor-size-default\">inter.PAL GmbH<br>Auf der Liet 1<br>59519 M\u00f6hnesee<br><br>Managing Director: Robert Oevermann<br>Commercial register: Arnsberg, HRB 12376<br>VAT registration number: DE293554335<br><br>Contact<br>Phone: +49 2924 - 496 95 95 0<br>Fax: +49 2924 - 496 95 29<br><br>Email: info@interpal.de<\/h2>\t\t\t\t<\/div>\n\t\t\t\t<\/div>\n\t\t\t\t<\/div>\n\t\t\t\t\t<\/div>\n\t\t\t\t<\/div>\n\t\t<div class=\"elementor-element elementor-element-818bf98 e-flex e-con-boxed e-con e-parent\" data-id=\"818bf98\" data-element_type=\"container\" data-e-type=\"container\" data-settings=\"{&quot;background_background&quot;:&quot;classic&quot;}\">\n\t\t\t\t\t<div class=\"e-con-inner\">\n\t\t\t\t<div class=\"elementor-element elementor-element-b6696c9 elementor-widget elementor-widget-spacer\" data-id=\"b6696c9\" data-element_type=\"widget\" data-e-type=\"widget\" data-widget_type=\"spacer.default\">\n\t\t\t\t<div class=\"elementor-widget-container\">\n\t\t\t\t\t\t\t<div class=\"elementor-spacer\">\n\t\t\t<div class=\"elementor-spacer-inner\"><\/div>\n\t\t<\/div>\n\t\t\t\t\t\t<\/div>\n\t\t\t\t<\/div>\n\t\t\t\t\t<\/div>\n\t\t\t\t<\/div>\n\t\t<div class=\"elementor-element elementor-element-d554546 e-flex e-con-boxed e-con e-parent\" data-id=\"d554546\" data-element_type=\"container\" data-e-type=\"container\" data-settings=\"{&quot;background_background&quot;:&quot;classic&quot;}\">\n\t\t\t\t\t<div class=\"e-con-inner\">\n\t\t<div class=\"elementor-element elementor-element-8eade85 e-con-full e-flex e-con e-child\" data-id=\"8eade85\" data-element_type=\"container\" data-e-type=\"container\">\n\t\t\t\t<div class=\"elementor-element elementor-element-a751215 elementor-widget elementor-widget-spacer\" data-id=\"a751215\" data-element_type=\"widget\" data-e-type=\"widget\" data-widget_type=\"spacer.default\">\n\t\t\t\t<div class=\"elementor-widget-container\">\n\t\t\t\t\t\t\t<div class=\"elementor-spacer\">\n\t\t\t<div class=\"elementor-spacer-inner\"><\/div>\n\t\t<\/div>\n\t\t\t\t\t\t<\/div>\n\t\t\t\t<\/div>\n\t\t\t\t<div class=\"elementor-element elementor-element-473ccb7 elementor-widget elementor-widget-heading\" data-id=\"473ccb7\" data-element_type=\"widget\" data-e-type=\"widget\" data-widget_type=\"heading.default\">\n\t\t\t\t<div class=\"elementor-widget-container\">\n\t\t\t\t\t<h2 class=\"elementor-heading-title elementor-size-default\">PHOTO LICENCES:<\/h2>\t\t\t\t<\/div>\n\t\t\t\t<\/div>\n\t\t\t\t<div class=\"elementor-element elementor-element-b30a1ca elementor-widget elementor-widget-heading\" data-id=\"b30a1ca\" data-element_type=\"widget\" data-e-type=\"widget\" data-widget_type=\"heading.default\">\n\t\t\t\t<div class=\"elementor-widget-container\">\n\t\t\t\t\t<h2 class=\"elementor-heading-title elementor-size-default\">ipopba #379560611 - Adobe Stockmedien<br>Grispb #541894669 - Adobe Stockmedien<br>Andreas #181519739 - Adobe Stockmedien<br>nateejindakum #677241457 - Adobe Stockmedien<br>ASDF #486890652 - Adobe Stockmedien<br>pilipphoto #670500015 - Adobe Stockmedien<br>witsarut #609852355 - Adobe Stockmedien<br>Olena #303004081 - Adobe Stockmedien<br>akarawit #710530868 - Adobe Stockmedien<br>Joe Lorenz Design #436479079 - Adobe Stockmedien<br>Monet #80445624 - Adobe Stockmedien<br>jdarius #31825941 - Adobe Stockmedien<br>mmmvideos - Envato Elements<br>WS Studio 1985 #647883072 - Adobe Stockmedien<br>kzenon #383146098 - Adobe Stockmedien<br>Ivan #200549352 - Adobe Stockmedien<\/h2>\t\t\t\t<\/div>\n\t\t\t\t<\/div>\n\t\t\t\t<div class=\"elementor-element elementor-element-f8163a6 elementor-widget elementor-widget-spacer\" data-id=\"f8163a6\" data-element_type=\"widget\" data-e-type=\"widget\" data-widget_type=\"spacer.default\">\n\t\t\t\t<div class=\"elementor-widget-container\">\n\t\t\t\t\t\t\t<div class=\"elementor-spacer\">\n\t\t\t<div class=\"elementor-spacer-inner\"><\/div>\n\t\t<\/div>\n\t\t\t\t\t\t<\/div>\n\t\t\t\t<\/div>\n\t\t\t\t<\/div>\n\t\t<div class=\"elementor-element elementor-element-1d9b47b e-con-full e-flex e-con e-child\" data-id=\"1d9b47b\" data-element_type=\"container\" data-e-type=\"container\">\n\t\t\t\t<div class=\"elementor-element elementor-element-c84fcc3 elementor-widget elementor-widget-spacer\" data-id=\"c84fcc3\" data-element_type=\"widget\" data-e-type=\"widget\" data-widget_type=\"spacer.default\">\n\t\t\t\t<div class=\"elementor-widget-container\">\n\t\t\t\t\t\t\t<div class=\"elementor-spacer\">\n\t\t\t<div class=\"elementor-spacer-inner\"><\/div>\n\t\t<\/div>\n\t\t\t\t\t\t<\/div>\n\t\t\t\t<\/div>\n\t\t\t\t<div class=\"elementor-element elementor-element-ddf7073 elementor-widget elementor-widget-spacer\" data-id=\"ddf7073\" data-element_type=\"widget\" data-e-type=\"widget\" data-widget_type=\"spacer.default\">\n\t\t\t\t<div class=\"elementor-widget-container\">\n\t\t\t\t\t\t\t<div class=\"elementor-spacer\">\n\t\t\t<div class=\"elementor-spacer-inner\"><\/div>\n\t\t<\/div>\n\t\t\t\t\t\t<\/div>\n\t\t\t\t<\/div>\n\t\t\t\t<div class=\"elementor-element elementor-element-3a391f8 elementor-widget elementor-widget-heading\" data-id=\"3a391f8\" data-element_type=\"widget\" data-e-type=\"widget\" data-widget_type=\"heading.default\">\n\t\t\t\t<div class=\"elementor-widget-container\">\n\t\t\t\t\t<h2 class=\"elementor-heading-title elementor-size-default\">Nouman Ashraf #740603573 - Adobe Stockmedien<br>Planetz #841180869 - Adobe Stockmedien<br>mozZz #704117984 - Adobe Stockmedien<br>ZeNDaY #824511961 - Adobe Stockmedien<br>peopleimages.com #838567840 - Adobe Stockmedien<br>MP Studio #701417940 - Adobe Stockmedien<br>gpointstudio #716598728 - Adobe Stockmedien<br>altitudevisual #763884084 - Adobe Stockmedien<br>Adisorn #881039288 - Adobe Stockmedien<br>LimeSky #731549376 - Adobe Stockmedien<br>TechnoMango #701802552 - Adobe Stockmedien<br>Jam #695030037 - Adobe Stockmedien<br>Carlo #548965663 - Adobe Stockmedien<br>Carlo #618154385 - Adobe Stockmedien<br>Geschmacksraum #106791597 - Adobe Stockmedien<br>Torsten #145984018 - <span data-elementor-setting-key=\"title\" data-pen-placeholder=\"Eingabe hier...\" style=\"font-style: normal\">Adobe Stockmedien<\/span><br><a href=\"https:\/\/www.epal-pallets.org\/eu-de\/\">https:\/\/www.epal-pallets.org\/eu-de\/<\/a><br>Gunay #536863093 - Adobe Stockmedien<br>J.Strathmann #358095370 - Adobe Stockmedien<br>Laszlo #45325894 - Adobe Stockmedien<br>Stock4You #604439532 - Adobe Stockmedien<\/h2>\t\t\t\t<\/div>\n\t\t\t\t<\/div>\n\t\t\t\t<div class=\"elementor-element elementor-element-5fcbba5 elementor-widget elementor-widget-spacer\" data-id=\"5fcbba5\" data-element_type=\"widget\" data-e-type=\"widget\" data-widget_type=\"spacer.default\">\n\t\t\t\t<div class=\"elementor-widget-container\">\n\t\t\t\t\t\t\t<div class=\"elementor-spacer\">\n\t\t\t<div class=\"elementor-spacer-inner\"><\/div>\n\t\t<\/div>\n\t\t\t\t\t\t<\/div>\n\t\t\t\t<\/div>\n\t\t\t\t<\/div>\n\t\t<div class=\"elementor-element elementor-element-4a5c812 e-con-full e-flex e-con e-child\" data-id=\"4a5c812\" data-element_type=\"container\" data-e-type=\"container\">\n\t\t\t\t<div class=\"elementor-element elementor-element-7c8b7ea elementor-widget elementor-widget-spacer\" data-id=\"7c8b7ea\" data-element_type=\"widget\" data-e-type=\"widget\" data-widget_type=\"spacer.default\">\n\t\t\t\t<div class=\"elementor-widget-container\">\n\t\t\t\t\t\t\t<div class=\"elementor-spacer\">\n\t\t\t<div class=\"elementor-spacer-inner\"><\/div>\n\t\t<\/div>\n\t\t\t\t\t\t<\/div>\n\t\t\t\t<\/div>\n\t\t\t\t<\/div>\n\t\t\t\t\t<\/div>\n\t\t\t\t<\/div>\n\t\t<div class=\"elementor-element elementor-element-47ebe94 e-flex e-con-boxed e-con e-parent\" data-id=\"47ebe94\" data-element_type=\"container\" data-e-type=\"container\">\n\t\t\t\t\t<div class=\"e-con-inner\">\n\t\t\t\t<div class=\"elementor-element elementor-element-ffacbd4 elementor-widget elementor-widget-spacer\" data-id=\"ffacbd4\" data-element_type=\"widget\" data-e-type=\"widget\" data-widget_type=\"spacer.default\">\n\t\t\t\t<div class=\"elementor-widget-container\">\n\t\t\t\t\t\t\t<div class=\"elementor-spacer\">\n\t\t\t<div class=\"elementor-spacer-inner\"><\/div>\n\t\t<\/div>\n\t\t\t\t\t\t<\/div>\n\t\t\t\t<\/div>\n\t\t\t\t\t<\/div>\n\t\t\t\t<\/div>\n\t\t<div class=\"elementor-element elementor-element-2f24ae0 e-flex e-con-boxed e-con e-parent\" data-id=\"2f24ae0\" data-element_type=\"container\" data-e-type=\"container\">\n\t\t\t\t\t<div class=\"e-con-inner\">\n\t\t\t\t<div class=\"elementor-element elementor-element-ede2cd9 elementor-widget elementor-widget-heading\" data-id=\"ede2cd9\" data-element_type=\"widget\" data-e-type=\"widget\" data-widget_type=\"heading.default\">\n\t\t\t\t<div class=\"elementor-widget-container\">\n\t\t\t\t\t<h2 class=\"elementor-heading-title elementor-size-default\">This website was created by La-Li-Lu by Sewasti Zombras.<\/h2>\t\t\t\t<\/div>\n\t\t\t\t<\/div>\n\t\t\t\t\t<\/div>\n\t\t\t\t<\/div>\n\t\t\t\t<\/div>","protected":false},"excerpt":{"rendered":"<p>IMPRESSUM inter.PAL GmbHAuf der Liet 159519 M\u00f6hnesee Gesch\u00e4ftsf\u00fchrer: Robert OevermannHandelsregister: Arnsberg, HRB 12376Umsatzsteuer-Identifikationsnummer: DE293554335 KontaktTel.: +49 2924 &#8211; 496 95 0Fax: +49 2924 &#8211; 496 95 29 Email: info@interpal.de FOTONACHWEISE: ipopba #379560611 &#8211; Adobe StockmedienGrispb #541894669 &#8211; Adobe StockmedienAndreas #181519739 &#8211; Adobe Stockmediennateejindakum #677241457 &#8211; Adobe StockmedienASDF #486890652 &#8211; Adobe Stockmedienpilipphoto #670500015 &#8211; Adobe Stockmedienwitsarut [&hellip;]<\/p>\n","protected":false},"author":1,"featured_media":0,"parent":0,"menu_order":0,"comment_status":"closed","ping_status":"closed","template":"","meta":{"footnotes":""},"class_list":["post-17","page","type-page","status-publish","hentry","entry"],"yoast_head":"<!-- This site is optimized with the Yoast SEO Premium plugin v23.2 (Yoast SEO v26.9) - https:\/\/yoast.com\/product\/yoast-seo-premium-wordpress\/ -->\n<title>Impressum | inter.PAL GmbH<\/title>\n<meta name=\"robots\" content=\"index, follow, max-snippet:-1, max-image-preview:large, max-video-preview:-1\" \/>\n<link rel=\"canonical\" href=\"https:\/\/interpal.de\/en\/impressum\/\" \/>\n<meta property=\"og:locale\" content=\"en_GB\" \/>\n<meta property=\"og:type\" content=\"article\" \/>\n<meta property=\"og:title\" content=\"Impressum\" \/>\n<meta property=\"og:description\" content=\"IMPRESSUM inter.PAL GmbHAuf der Liet 159519 M\u00f6hnesee Gesch\u00e4ftsf\u00fchrer: Robert OevermannHandelsregister: Arnsberg, HRB 12376Umsatzsteuer-Identifikationsnummer: DE293554335 KontaktTel.: +49 2924 &#8211; 496 95 0Fax: +49 2924 &#8211; 496 95 29 Email: info@interpal.de FOTONACHWEISE: ipopba #379560611 &#8211; Adobe StockmedienGrispb #541894669 &#8211; Adobe StockmedienAndreas #181519739 &#8211; Adobe Stockmediennateejindakum #677241457 &#8211; Adobe StockmedienASDF #486890652 &#8211; Adobe Stockmedienpilipphoto #670500015 &#8211; Adobe Stockmedienwitsarut [&hellip;]\" \/>\n<meta property=\"og:url\" content=\"https:\/\/interpal.de\/en\/impressum\/\" \/>\n<meta property=\"og:site_name\" content=\"inter.PAL GmbH\" \/>\n<meta property=\"article:publisher\" content=\"https:\/\/www.facebook.com\/team.interpal\/\" \/>\n<meta property=\"article:modified_time\" content=\"2025-02-24T17:06:34+00:00\" \/>\n<meta name=\"twitter:card\" content=\"summary_large_image\" \/>\n<meta name=\"twitter:label1\" content=\"Estimated reading time\" \/>\n\t<meta name=\"twitter:data1\" content=\"2 minutes\" \/>\n<script type=\"application\/ld+json\" class=\"yoast-schema-graph\">{\"@context\":\"https:\/\/schema.org\",\"@graph\":[{\"@type\":\"WebPage\",\"@id\":\"https:\/\/interpal.de\/impressum\/\",\"url\":\"https:\/\/interpal.de\/impressum\/\",\"name\":\"Impressum | inter.PAL GmbH\",\"isPartOf\":{\"@id\":\"https:\/\/interpal.de\/#website\"},\"datePublished\":\"2024-04-15T12:11:23+00:00\",\"dateModified\":\"2025-02-24T17:06:34+00:00\",\"breadcrumb\":{\"@id\":\"https:\/\/interpal.de\/impressum\/#breadcrumb\"},\"inLanguage\":\"en-GB\",\"potentialAction\":[{\"@type\":\"ReadAction\",\"target\":[\"https:\/\/interpal.de\/impressum\/\"]}]},{\"@type\":\"BreadcrumbList\",\"@id\":\"https:\/\/interpal.de\/impressum\/#breadcrumb\",\"itemListElement\":[{\"@type\":\"ListItem\",\"position\":1,\"name\":\"Startseite\",\"item\":\"https:\/\/interpal.de\/\"},{\"@type\":\"ListItem\",\"position\":2,\"name\":\"Impressum\"}]},{\"@type\":\"WebSite\",\"@id\":\"https:\/\/interpal.de\/#website\",\"url\":\"https:\/\/interpal.de\/\",\"name\":\"inter.PAL GmbH\",\"description\":\"Die Europalette ist digital.\",\"publisher\":{\"@id\":\"https:\/\/interpal.de\/#organization\"},\"potentialAction\":[{\"@type\":\"SearchAction\",\"target\":{\"@type\":\"EntryPoint\",\"urlTemplate\":\"https:\/\/interpal.de\/?s={search_term_string}\"},\"query-input\":{\"@type\":\"PropertyValueSpecification\",\"valueRequired\":true,\"valueName\":\"search_term_string\"}}],\"inLanguage\":\"en-GB\"},{\"@type\":\"Organization\",\"@id\":\"https:\/\/interpal.de\/#organization\",\"name\":\"inter.PAL GmbH\",\"url\":\"https:\/\/interpal.de\/\",\"logo\":{\"@type\":\"ImageObject\",\"inLanguage\":\"en-GB\",\"@id\":\"https:\/\/interpal.de\/#\/schema\/logo\/image\/\",\"url\":\"https:\/\/interpal.de\/wp-content\/uploads\/2024\/04\/interpal_logo_transparent_web.png\",\"contentUrl\":\"https:\/\/interpal.de\/wp-content\/uploads\/2024\/04\/interpal_logo_transparent_web.png\",\"width\":3546,\"height\":972,\"caption\":\"inter.PAL GmbH\"},\"image\":{\"@id\":\"https:\/\/interpal.de\/#\/schema\/logo\/image\/\"},\"sameAs\":[\"https:\/\/www.facebook.com\/team.interpal\/\",\"https:\/\/de.linkedin.com\/company\/inter-pal\",\"https:\/\/www.instagram.com\/inter.pal_gmbh\/\",\"https:\/\/www.youtube.com\/channel\/UC6VgzXxacyUOj71jAbP6Mfg\"]}]}<\/script>\n<!-- \/ Yoast SEO Premium plugin. -->","yoast_head_json":{"title":"Impressum | inter.PAL GmbH","robots":{"index":"index","follow":"follow","max-snippet":"max-snippet:-1","max-image-preview":"max-image-preview:large","max-video-preview":"max-video-preview:-1"},"canonical":"https:\/\/interpal.de\/en\/impressum\/","og_locale":"en_GB","og_type":"article","og_title":"Impressum","og_description":"IMPRESSUM inter.PAL GmbHAuf der Liet 159519 M\u00f6hnesee Gesch\u00e4ftsf\u00fchrer: Robert OevermannHandelsregister: Arnsberg, HRB 12376Umsatzsteuer-Identifikationsnummer: DE293554335 KontaktTel.: +49 2924 &#8211; 496 95 0Fax: +49 2924 &#8211; 496 95 29 Email: info@interpal.de FOTONACHWEISE: ipopba #379560611 &#8211; Adobe StockmedienGrispb #541894669 &#8211; Adobe StockmedienAndreas #181519739 &#8211; Adobe Stockmediennateejindakum #677241457 &#8211; Adobe StockmedienASDF #486890652 &#8211; Adobe Stockmedienpilipphoto #670500015 &#8211; Adobe Stockmedienwitsarut [&hellip;]","og_url":"https:\/\/interpal.de\/en\/impressum\/","og_site_name":"inter.PAL GmbH","article_publisher":"https:\/\/www.facebook.com\/team.interpal\/","article_modified_time":"2025-02-24T17:06:34+00:00","twitter_card":"summary_large_image","twitter_misc":{"Estimated reading time":"2 minutes"},"schema":{"@context":"https:\/\/schema.org","@graph":[{"@type":"WebPage","@id":"https:\/\/interpal.de\/impressum\/","url":"https:\/\/interpal.de\/impressum\/","name":"Impressum | inter.PAL GmbH","isPartOf":{"@id":"https:\/\/interpal.de\/#website"},"datePublished":"2024-04-15T12:11:23+00:00","dateModified":"2025-02-24T17:06:34+00:00","breadcrumb":{"@id":"https:\/\/interpal.de\/impressum\/#breadcrumb"},"inLanguage":"en-GB","potentialAction":[{"@type":"ReadAction","target":["https:\/\/interpal.de\/impressum\/"]}]},{"@type":"BreadcrumbList","@id":"https:\/\/interpal.de\/impressum\/#breadcrumb","itemListElement":[{"@type":"ListItem","position":1,"name":"Startseite","item":"https:\/\/interpal.de\/"},{"@type":"ListItem","position":2,"name":"Impressum"}]},{"@type":"WebSite","@id":"https:\/\/interpal.de\/#website","url":"https:\/\/interpal.de\/","name":"inter.PAL GmbH","description":"Die Europalette ist digital.","publisher":{"@id":"https:\/\/interpal.de\/#organization"},"potentialAction":[{"@type":"SearchAction","target":{"@type":"EntryPoint","urlTemplate":"https:\/\/interpal.de\/?s={search_term_string}"},"query-input":{"@type":"PropertyValueSpecification","valueRequired":true,"valueName":"search_term_string"}}],"inLanguage":"en-GB"},{"@type":"Organization","@id":"https:\/\/interpal.de\/#organization","name":"inter.PAL GmbH","url":"https:\/\/interpal.de\/","logo":{"@type":"ImageObject","inLanguage":"en-GB","@id":"https:\/\/interpal.de\/#\/schema\/logo\/image\/","url":"https:\/\/interpal.de\/wp-content\/uploads\/2024\/04\/interpal_logo_transparent_web.png","contentUrl":"https:\/\/interpal.de\/wp-content\/uploads\/2024\/04\/interpal_logo_transparent_web.png","width":3546,"height":972,"caption":"inter.PAL GmbH"},"image":{"@id":"https:\/\/interpal.de\/#\/schema\/logo\/image\/"},"sameAs":["https:\/\/www.facebook.com\/team.interpal\/","https:\/\/de.linkedin.com\/company\/inter-pal","https:\/\/www.instagram.com\/inter.pal_gmbh\/","https:\/\/www.youtube.com\/channel\/UC6VgzXxacyUOj71jAbP6Mfg"]}]}},"_links":{"self":[{"href":"https:\/\/interpal.de\/en\/wp-json\/wp\/v2\/pages\/17","targetHints":{"allow":["GET"]}}],"collection":[{"href":"https:\/\/interpal.de\/en\/wp-json\/wp\/v2\/pages"}],"about":[{"href":"https:\/\/interpal.de\/en\/wp-json\/wp\/v2\/types\/page"}],"author":[{"embeddable":true,"href":"https:\/\/interpal.de\/en\/wp-json\/wp\/v2\/users\/1"}],"replies":[{"embeddable":true,"href":"https:\/\/interpal.de\/en\/wp-json\/wp\/v2\/comments?post=17"}],"version-history":[{"count":6,"href":"https:\/\/interpal.de\/en\/wp-json\/wp\/v2\/pages\/17\/revisions"}],"predecessor-version":[{"id":9401,"href":"https:\/\/interpal.de\/en\/wp-json\/wp\/v2\/pages\/17\/revisions\/9401"}],"wp:attachment":[{"href":"https:\/\/interpal.de\/en\/wp-json\/wp\/v2\/media?parent=17"}],"curies":[{"name":"wp","href":"https:\/\/api.w.org\/{rel}","templated":true}]}}